{"id":463,"date":"2020-10-05T20:13:53","date_gmt":"2020-10-05T18:13:53","guid":{"rendered":"https:\/\/frensmanresa.com\/?page_id=463"},"modified":"2020-11-16T20:38:37","modified_gmt":"2020-11-16T18:38:37","slug":"embgagues","status":"publish","type":"page","link":"https:\/\/frensmanresa.com\/es\/embgagues\/","title":{"rendered":"EMBRAGUES"},"content":{"rendered":"\t\t<div data-elementor-type=\"wp-page\" data-elementor-id=\"463\" class=\"elementor elementor-463\" data-elementor-post-type=\"page\">\n\t\t\t\t\t\t<section class=\"elementor-section elementor-top-section elementor-element elementor-element-04b459f elementor-section-boxed elementor-section-height-default elementor-section-height-default\" data-id=\"04b459f\" data-element_type=\"section\" data-e-type=\"section\">\n\t\t\t\t\t\t<div class=\"elementor-container elementor-column-gap-default\">\n\t\t\t\t\t<div class=\"elementor-column elementor-col-100 elementor-top-column elementor-element elementor-element-bbaddbc\" data-id=\"bbaddbc\" data-element_type=\"column\" data-e-type=\"column\">\n\t\t\t<div class=\"elementor-widget-wrap elementor-element-populated\">\n\t\t\t\t\t\t<div class=\"elementor-element elementor-element-1797f55 elementor-invisible elementor-widget elementor-widget-heading\" data-id=\"1797f55\" data-element_type=\"widget\" data-e-type=\"widget\" data-settings=\"{&quot;_animation&quot;:&quot;fadeIn&quot;}\" data-widget_type=\"heading.default\">\n\t\t\t\t<div class=\"elementor-widget-container\">\n\t\t\t\t\t<h2 class=\"elementor-heading-title elementor-size-default\">AUTOMOCI\u00d3N<\/h2>\t\t\t\t<\/div>\n\t\t\t\t<\/div>\n\t\t\t\t\t<\/div>\n\t\t<\/div>\n\t\t\t\t\t<\/div>\n\t\t<\/section>\n\t\t\t\t<section class=\"elementor-section elementor-top-section elementor-element elementor-element-1a041db elementor-section-boxed elementor-section-height-default elementor-section-height-default\" data-id=\"1a041db\" data-element_type=\"section\" data-e-type=\"section\">\n\t\t\t\t\t\t<div class=\"elementor-container elementor-column-gap-default\">\n\t\t\t\t\t<div class=\"elementor-column elementor-col-100 elementor-top-column elementor-element elementor-element-e82b3ff\" data-id=\"e82b3ff\" data-element_type=\"column\" data-e-type=\"column\">\n\t\t\t<div class=\"elementor-widget-wrap elementor-element-populated\">\n\t\t\t\t\t\t<div class=\"elementor-element elementor-element-c5e5f06 elementor-invisible elementor-widget elementor-widget-heading\" data-id=\"c5e5f06\" data-element_type=\"widget\" data-e-type=\"widget\" data-settings=\"{&quot;_animation&quot;:&quot;fadeIn&quot;}\" data-widget_type=\"heading.default\">\n\t\t\t\t<div class=\"elementor-widget-container\">\n\t\t\t\t\t<h4 class=\"elementor-heading-title elementor-size-default\">EMBRAGUES<\/h4>\t\t\t\t<\/div>\n\t\t\t\t<\/div>\n\t\t\t\t\t<\/div>\n\t\t<\/div>\n\t\t\t\t\t<\/div>\n\t\t<\/section>\n\t\t\t\t<section class=\"elementor-section elementor-top-section elementor-element elementor-element-f965bc8 elementor-section-boxed elementor-section-height-default elementor-section-height-default\" data-id=\"f965bc8\" data-element_type=\"section\" data-e-type=\"section\">\n\t\t\t\t\t\t<div class=\"elementor-container elementor-column-gap-default\">\n\t\t\t\t\t<div class=\"elementor-column elementor-col-100 elementor-top-column elementor-element elementor-element-30a2038\" data-id=\"30a2038\" data-element_type=\"column\" data-e-type=\"column\">\n\t\t\t<div class=\"elementor-widget-wrap elementor-element-populated\">\n\t\t\t\t\t\t<div class=\"elementor-element elementor-element-0c0ebf8 elementor-invisible elementor-widget elementor-widget-heading\" data-id=\"0c0ebf8\" data-element_type=\"widget\" data-e-type=\"widget\" data-settings=\"{&quot;_animation&quot;:&quot;fadeIn&quot;}\" data-widget_type=\"heading.default\">\n\t\t\t\t<div class=\"elementor-widget-container\">\n\t\t\t\t\t<h4 class=\"elementor-heading-title elementor-size-default\">Modificamos el disco de embrague substituyendo el material de fricci\u00f3n org\u00e1nico convencional por pastillas cer\u00e1micas remachadas a una plancha r\u00edgida que mejora a\u00fan m\u00e1s el rendimiento. Tambi\u00e9n hay las opciones de forro de kevlar o pastillas de forro org\u00e1nico reforzando la prensa. Con todo esto conseguimos un mayor coeficiente de fricci\u00f3n que permite adecuar el embrague a los aumentos de potencia que se hagan en el coche.<\/h4>\t\t\t\t<\/div>\n\t\t\t\t<\/div>\n\t\t\t\t\t<\/div>\n\t\t<\/div>\n\t\t\t\t\t<\/div>\n\t\t<\/section>\n\t\t\t\t<section class=\"elementor-section elementor-top-section elementor-element elementor-element-ee7f5e6 elementor-section-boxed elementor-section-height-default elementor-section-height-default\" data-id=\"ee7f5e6\" data-element_type=\"section\" data-e-type=\"section\">\n\t\t\t\t\t\t<div class=\"elementor-container elementor-column-gap-default\">\n\t\t\t\t\t<div class=\"elementor-column elementor-col-100 elementor-top-column elementor-element elementor-element-e021582\" data-id=\"e021582\" data-element_type=\"column\" data-e-type=\"column\">\n\t\t\t<div class=\"elementor-widget-wrap elementor-element-populated\">\n\t\t\t\t\t\t<div class=\"elementor-element elementor-element-fd5317e gallery-spacing-custom elementor-invisible elementor-widget elementor-widget-image-gallery\" data-id=\"fd5317e\" data-element_type=\"widget\" data-e-type=\"widget\" data-settings=\"{&quot;_animation&quot;:&quot;fadeIn&quot;}\" data-widget_type=\"image-gallery.default\">\n\t\t\t\t<div class=\"elementor-widget-container\">\n\t\t\t\t\t\t\t<div class=\"elementor-image-gallery\">\n\t\t\t<div id='gallery-1' class='gallery galleryid-463 gallery-columns-3 gallery-size-medium'><figure class='gallery-item'>\r\n\t\t\t<div class='gallery-icon landscape'>\r\n\t\t\t\t<img fetchpriority=\"high\" decoding=\"async\" width=\"300\" height=\"225\" src=\"https:\/\/frensmanresa.com\/wp-content\/uploads\/2020\/10\/01_emb_es-2-300x225.jpg\" class=\"attachment-medium size-medium\" alt=\"\" srcset=\"https:\/\/frensmanresa.com\/wp-content\/uploads\/2020\/10\/01_emb_es-2-300x225.jpg 300w, https:\/\/frensmanresa.com\/wp-content\/uploads\/2020\/10\/01_emb_es-2-768x576.jpg 768w, https:\/\/frensmanresa.com\/wp-content\/uploads\/2020\/10\/01_emb_es-2.jpg 1024w\" sizes=\"(max-width: 300px) 100vw, 300px\" \/>\r\n\t\t\t<\/div><\/figure><figure class='gallery-item'>\r\n\t\t\t<div class='gallery-icon landscape'>\r\n\t\t\t\t<img decoding=\"async\" width=\"300\" height=\"225\" src=\"https:\/\/frensmanresa.com\/wp-content\/uploads\/2020\/10\/02_emb_es-2-300x225.jpg\" class=\"attachment-medium size-medium\" alt=\"\" srcset=\"https:\/\/frensmanresa.com\/wp-content\/uploads\/2020\/10\/02_emb_es-2-300x225.jpg 300w, https:\/\/frensmanresa.com\/wp-content\/uploads\/2020\/10\/02_emb_es-2-768x576.jpg 768w, https:\/\/frensmanresa.com\/wp-content\/uploads\/2020\/10\/02_emb_es-2.jpg 1024w\" sizes=\"(max-width: 300px) 100vw, 300px\" \/>\r\n\t\t\t<\/div><\/figure><figure class='gallery-item'>\r\n\t\t\t<div class='gallery-icon landscape'>\r\n\t\t\t\t<img decoding=\"async\" width=\"300\" height=\"225\" src=\"https:\/\/frensmanresa.com\/wp-content\/uploads\/2020\/10\/03_emb_es-2-300x225.jpg\" class=\"attachment-medium size-medium\" alt=\"\" srcset=\"https:\/\/frensmanresa.com\/wp-content\/uploads\/2020\/10\/03_emb_es-2-300x225.jpg 300w, https:\/\/frensmanresa.com\/wp-content\/uploads\/2020\/10\/03_emb_es-2-768x576.jpg 768w, https:\/\/frensmanresa.com\/wp-content\/uploads\/2020\/10\/03_emb_es-2.jpg 1024w\" sizes=\"(max-width: 300px) 100vw, 300px\" \/>\r\n\t\t\t<\/div><\/figure><figure class='gallery-item'>\r\n\t\t\t<div class='gallery-icon landscape'>\r\n\t\t\t\t<img loading=\"lazy\" decoding=\"async\" width=\"300\" height=\"225\" src=\"https:\/\/frensmanresa.com\/wp-content\/uploads\/2020\/10\/04_emb_es-2-300x225.jpg\" class=\"attachment-medium size-medium\" alt=\"\" srcset=\"https:\/\/frensmanresa.com\/wp-content\/uploads\/2020\/10\/04_emb_es-2-300x225.jpg 300w, https:\/\/frensmanresa.com\/wp-content\/uploads\/2020\/10\/04_emb_es-2-768x576.jpg 768w, https:\/\/frensmanresa.com\/wp-content\/uploads\/2020\/10\/04_emb_es-2.jpg 1024w\" sizes=\"(max-width: 300px) 100vw, 300px\" \/>\r\n\t\t\t<\/div><\/figure><figure class='gallery-item'>\r\n\t\t\t<div class='gallery-icon landscape'>\r\n\t\t\t\t<img loading=\"lazy\" decoding=\"async\" width=\"300\" height=\"225\" src=\"https:\/\/frensmanresa.com\/wp-content\/uploads\/2020\/10\/05_emb_es-2-300x225.jpg\" class=\"attachment-medium size-medium\" alt=\"\" srcset=\"https:\/\/frensmanresa.com\/wp-content\/uploads\/2020\/10\/05_emb_es-2-300x225.jpg 300w, https:\/\/frensmanresa.com\/wp-content\/uploads\/2020\/10\/05_emb_es-2-768x576.jpg 768w, https:\/\/frensmanresa.com\/wp-content\/uploads\/2020\/10\/05_emb_es-2.jpg 1024w\" sizes=\"(max-width: 300px) 100vw, 300px\" \/>\r\n\t\t\t<\/div><\/figure><figure class='gallery-item'>\r\n\t\t\t<div class='gallery-icon landscape'>\r\n\t\t\t\t<img loading=\"lazy\" decoding=\"async\" width=\"300\" height=\"225\" src=\"https:\/\/frensmanresa.com\/wp-content\/uploads\/2020\/10\/06_emb_es-2-300x225.jpg\" class=\"attachment-medium size-medium\" alt=\"\" srcset=\"https:\/\/frensmanresa.com\/wp-content\/uploads\/2020\/10\/06_emb_es-2-300x225.jpg 300w, https:\/\/frensmanresa.com\/wp-content\/uploads\/2020\/10\/06_emb_es-2-768x576.jpg 768w, https:\/\/frensmanresa.com\/wp-content\/uploads\/2020\/10\/06_emb_es-2.jpg 1024w\" sizes=\"(max-width: 300px) 100vw, 300px\" \/>\r\n\t\t\t<\/div><\/figure><figure class='gallery-item'>\r\n\t\t\t<div class='gallery-icon landscape'>\r\n\t\t\t\t<img loading=\"lazy\" decoding=\"async\" width=\"300\" height=\"225\" src=\"https:\/\/frensmanresa.com\/wp-content\/uploads\/2020\/10\/07_emb_es-2-300x225.jpg\" class=\"attachment-medium size-medium\" alt=\"\" srcset=\"https:\/\/frensmanresa.com\/wp-content\/uploads\/2020\/10\/07_emb_es-2-300x225.jpg 300w, https:\/\/frensmanresa.com\/wp-content\/uploads\/2020\/10\/07_emb_es-2-768x576.jpg 768w, https:\/\/frensmanresa.com\/wp-content\/uploads\/2020\/10\/07_emb_es-2.jpg 1024w\" sizes=\"(max-width: 300px) 100vw, 300px\" \/>\r\n\t\t\t<\/div><\/figure><figure class='gallery-item'>\r\n\t\t\t<div class='gallery-icon landscape'>\r\n\t\t\t\t<img loading=\"lazy\" decoding=\"async\" width=\"300\" height=\"225\" src=\"https:\/\/frensmanresa.com\/wp-content\/uploads\/2020\/10\/08_emb_es-2-300x225.jpg\" class=\"attachment-medium size-medium\" alt=\"\" srcset=\"https:\/\/frensmanresa.com\/wp-content\/uploads\/2020\/10\/08_emb_es-2-300x225.jpg 300w, https:\/\/frensmanresa.com\/wp-content\/uploads\/2020\/10\/08_emb_es-2-768x576.jpg 768w, https:\/\/frensmanresa.com\/wp-content\/uploads\/2020\/10\/08_emb_es-2.jpg 1024w\" sizes=\"(max-width: 300px) 100vw, 300px\" \/>\r\n\t\t\t<\/div><\/figure><figure class='gallery-item'>\r\n\t\t\t<div class='gallery-icon landscape'>\r\n\t\t\t\t<img loading=\"lazy\" decoding=\"async\" width=\"300\" height=\"225\" src=\"https:\/\/frensmanresa.com\/wp-content\/uploads\/2020\/10\/09_emb_es-2-300x225.jpg\" class=\"attachment-medium size-medium\" alt=\"\" srcset=\"https:\/\/frensmanresa.com\/wp-content\/uploads\/2020\/10\/09_emb_es-2-300x225.jpg 300w, https:\/\/frensmanresa.com\/wp-content\/uploads\/2020\/10\/09_emb_es-2-768x576.jpg 768w, https:\/\/frensmanresa.com\/wp-content\/uploads\/2020\/10\/09_emb_es-2.jpg 1024w\" sizes=\"(max-width: 300px) 100vw, 300px\" \/>\r\n\t\t\t<\/div><\/figure><figure class='gallery-item'>\r\n\t\t\t<div class='gallery-icon landscape'>\r\n\t\t\t\t<img loading=\"lazy\" decoding=\"async\" width=\"300\" height=\"225\" src=\"https:\/\/frensmanresa.com\/wp-content\/uploads\/2020\/10\/10_emb_es-2-300x225.jpg\" class=\"attachment-medium size-medium\" alt=\"\" srcset=\"https:\/\/frensmanresa.com\/wp-content\/uploads\/2020\/10\/10_emb_es-2-300x225.jpg 300w, https:\/\/frensmanresa.com\/wp-content\/uploads\/2020\/10\/10_emb_es-2-768x576.jpg 768w, https:\/\/frensmanresa.com\/wp-content\/uploads\/2020\/10\/10_emb_es-2.jpg 1024w\" sizes=\"(max-width: 300px) 100vw, 300px\" \/>\r\n\t\t\t<\/div><\/figure><\/div>\n\t\t<\/div>\n\t\t\t\t\t\t<\/div>\n\t\t\t\t<\/div>\n\t\t\t\t\t<\/div>\n\t\t<\/div>\n\t\t\t\t\t<\/div>\n\t\t<\/section>\n\t\t\t\t<\/div>\n\t\t","protected":false},"excerpt":{"rendered":"<p>AUTOMOCI\u00d3N EMBRAGUES Modificamos el disco de embrague substituyendo el material de fricci\u00f3n org\u00e1nico convencional por pastillas cer\u00e1micas remachadas a una plancha r\u00edgida que mejora a\u00fan&hellip;<\/p>\n","protected":false},"author":3,"featured_media":0,"parent":0,"menu_order":0,"comment_status":"closed","ping_status":"closed","template":"","meta":{"footnotes":""},"class_list":["post-463","page","type-page","status-publish","hentry"],"yoast_head":"<!-- This site is optimized with the Yoast SEO plugin v27.4 - https:\/\/yoast.com\/product\/yoast-seo-wordpress\/ -->\n<title>EMBRAGUES - Frens Manresa<\/title>\n<meta name=\"robots\" content=\"index, follow, max-snippet:-1, max-image-preview:large, max-video-preview:-1\" \/>\n<link rel=\"canonical\" href=\"https:\/\/frensmanresa.com\/es\/embgagues\/\" \/>\n<meta property=\"og:locale\" content=\"es_ES\" \/>\n<meta property=\"og:locale:alternate\" content=\"en_GB\" \/>\n<meta property=\"og:locale:alternate\" content=\"ca\" \/>\n<meta property=\"og:type\" content=\"article\" \/>\n<meta property=\"og:title\" content=\"EMBRAGUES - Frens Manresa\" \/>\n<meta property=\"og:description\" content=\"AUTOMOCI\u00d3N EMBRAGUES Modificamos el disco de embrague substituyendo el material de fricci\u00f3n org\u00e1nico convencional por pastillas cer\u00e1micas remachadas a una plancha r\u00edgida que mejora a\u00fan&hellip;\" \/>\n<meta property=\"og:url\" content=\"https:\/\/frensmanresa.com\/es\/embgagues\/\" \/>\n<meta property=\"og:site_name\" content=\"Frens Manresa\" \/>\n<meta property=\"article:modified_time\" content=\"2020-11-16T18:38:37+00:00\" \/>\n<meta property=\"og:image\" content=\"https:\/\/frensmanresa.com\/wp-content\/uploads\/2020\/10\/01_emb_es-2-300x225.jpg\" \/>\n<meta name=\"twitter:card\" content=\"summary_large_image\" \/>\n<script type=\"application\/ld+json\" class=\"yoast-schema-graph\">{\"@context\":\"https:\\\/\\\/schema.org\",\"@graph\":[{\"@type\":\"WebPage\",\"@id\":\"https:\\\/\\\/frensmanresa.com\\\/es\\\/embgagues\\\/\",\"url\":\"https:\\\/\\\/frensmanresa.com\\\/es\\\/embgagues\\\/\",\"name\":\"EMBRAGUES - Frens Manresa\",\"isPartOf\":{\"@id\":\"https:\\\/\\\/frensmanresa.com\\\/es\\\/#website\"},\"primaryImageOfPage\":{\"@id\":\"https:\\\/\\\/frensmanresa.com\\\/es\\\/embgagues\\\/#primaryimage\"},\"image\":{\"@id\":\"https:\\\/\\\/frensmanresa.com\\\/es\\\/embgagues\\\/#primaryimage\"},\"thumbnailUrl\":\"https:\\\/\\\/frensmanresa.com\\\/wp-content\\\/uploads\\\/2020\\\/10\\\/01_emb_es-2-300x225.jpg\",\"datePublished\":\"2020-10-05T18:13:53+00:00\",\"dateModified\":\"2020-11-16T18:38:37+00:00\",\"breadcrumb\":{\"@id\":\"https:\\\/\\\/frensmanresa.com\\\/es\\\/embgagues\\\/#breadcrumb\"},\"inLanguage\":\"es-ES\",\"potentialAction\":[{\"@type\":\"ReadAction\",\"target\":[\"https:\\\/\\\/frensmanresa.com\\\/es\\\/embgagues\\\/\"]}]},{\"@type\":\"ImageObject\",\"inLanguage\":\"es-ES\",\"@id\":\"https:\\\/\\\/frensmanresa.com\\\/es\\\/embgagues\\\/#primaryimage\",\"url\":\"https:\\\/\\\/frensmanresa.com\\\/wp-content\\\/uploads\\\/2020\\\/10\\\/01_emb_es-2-300x225.jpg\",\"contentUrl\":\"https:\\\/\\\/frensmanresa.com\\\/wp-content\\\/uploads\\\/2020\\\/10\\\/01_emb_es-2-300x225.jpg\"},{\"@type\":\"BreadcrumbList\",\"@id\":\"https:\\\/\\\/frensmanresa.com\\\/es\\\/embgagues\\\/#breadcrumb\",\"itemListElement\":[{\"@type\":\"ListItem\",\"position\":1,\"name\":\"Inici\",\"item\":\"https:\\\/\\\/frensmanresa.com\\\/es\\\/inicio\\\/\"},{\"@type\":\"ListItem\",\"position\":2,\"name\":\"EMBRAGUES\"}]},{\"@type\":\"WebSite\",\"@id\":\"https:\\\/\\\/frensmanresa.com\\\/es\\\/#website\",\"url\":\"https:\\\/\\\/frensmanresa.com\\\/es\\\/\",\"name\":\"Frens Manresa\",\"description\":\"Som especialistes en encolat de frens i embragues  per a la ind\u00fastria i l\u2019automoci\u00f3\",\"publisher\":{\"@id\":\"https:\\\/\\\/frensmanresa.com\\\/es\\\/#organization\"},\"potentialAction\":[{\"@type\":\"SearchAction\",\"target\":{\"@type\":\"EntryPoint\",\"urlTemplate\":\"https:\\\/\\\/frensmanresa.com\\\/es\\\/?s={search_term_string}\"},\"query-input\":{\"@type\":\"PropertyValueSpecification\",\"valueRequired\":true,\"valueName\":\"search_term_string\"}}],\"inLanguage\":\"es-ES\"},{\"@type\":\"Organization\",\"@id\":\"https:\\\/\\\/frensmanresa.com\\\/es\\\/#organization\",\"name\":\"Frens Manresa\",\"url\":\"https:\\\/\\\/frensmanresa.com\\\/es\\\/\",\"logo\":{\"@type\":\"ImageObject\",\"inLanguage\":\"es-ES\",\"@id\":\"https:\\\/\\\/frensmanresa.com\\\/es\\\/#\\\/schema\\\/logo\\\/image\\\/\",\"url\":\"https:\\\/\\\/frensmanresa.com\\\/wp-content\\\/uploads\\\/2020\\\/03\\\/logo.png\",\"contentUrl\":\"https:\\\/\\\/frensmanresa.com\\\/wp-content\\\/uploads\\\/2020\\\/03\\\/logo.png\",\"width\":242,\"height\":165,\"caption\":\"Frens Manresa\"},\"image\":{\"@id\":\"https:\\\/\\\/frensmanresa.com\\\/es\\\/#\\\/schema\\\/logo\\\/image\\\/\"},\"sameAs\":[\"https:\\\/\\\/www.instagram.com\\\/frensmanresa\\\/\"]}]}<\/script>\n<!-- \/ Yoast SEO plugin. -->","yoast_head_json":{"title":"EMBRAGUES - Frens Manresa","robots":{"index":"index","follow":"follow","max-snippet":"max-snippet:-1","max-image-preview":"max-image-preview:large","max-video-preview":"max-video-preview:-1"},"canonical":"https:\/\/frensmanresa.com\/es\/embgagues\/","og_locale":"es_ES","og_type":"article","og_title":"EMBRAGUES - Frens Manresa","og_description":"AUTOMOCI\u00d3N EMBRAGUES Modificamos el disco de embrague substituyendo el material de fricci\u00f3n org\u00e1nico convencional por pastillas cer\u00e1micas remachadas a una plancha r\u00edgida que mejora a\u00fan&hellip;","og_url":"https:\/\/frensmanresa.com\/es\/embgagues\/","og_site_name":"Frens Manresa","article_modified_time":"2020-11-16T18:38:37+00:00","og_image":[{"url":"https:\/\/frensmanresa.com\/wp-content\/uploads\/2020\/10\/01_emb_es-2-300x225.jpg","type":"","width":"","height":""}],"twitter_card":"summary_large_image","schema":{"@context":"https:\/\/schema.org","@graph":[{"@type":"WebPage","@id":"https:\/\/frensmanresa.com\/es\/embgagues\/","url":"https:\/\/frensmanresa.com\/es\/embgagues\/","name":"EMBRAGUES - Frens Manresa","isPartOf":{"@id":"https:\/\/frensmanresa.com\/es\/#website"},"primaryImageOfPage":{"@id":"https:\/\/frensmanresa.com\/es\/embgagues\/#primaryimage"},"image":{"@id":"https:\/\/frensmanresa.com\/es\/embgagues\/#primaryimage"},"thumbnailUrl":"https:\/\/frensmanresa.com\/wp-content\/uploads\/2020\/10\/01_emb_es-2-300x225.jpg","datePublished":"2020-10-05T18:13:53+00:00","dateModified":"2020-11-16T18:38:37+00:00","breadcrumb":{"@id":"https:\/\/frensmanresa.com\/es\/embgagues\/#breadcrumb"},"inLanguage":"es-ES","potentialAction":[{"@type":"ReadAction","target":["https:\/\/frensmanresa.com\/es\/embgagues\/"]}]},{"@type":"ImageObject","inLanguage":"es-ES","@id":"https:\/\/frensmanresa.com\/es\/embgagues\/#primaryimage","url":"https:\/\/frensmanresa.com\/wp-content\/uploads\/2020\/10\/01_emb_es-2-300x225.jpg","contentUrl":"https:\/\/frensmanresa.com\/wp-content\/uploads\/2020\/10\/01_emb_es-2-300x225.jpg"},{"@type":"BreadcrumbList","@id":"https:\/\/frensmanresa.com\/es\/embgagues\/#breadcrumb","itemListElement":[{"@type":"ListItem","position":1,"name":"Inici","item":"https:\/\/frensmanresa.com\/es\/inicio\/"},{"@type":"ListItem","position":2,"name":"EMBRAGUES"}]},{"@type":"WebSite","@id":"https:\/\/frensmanresa.com\/es\/#website","url":"https:\/\/frensmanresa.com\/es\/","name":"Frens Manresa","description":"Som especialistes en encolat de frens i embragues  per a la ind\u00fastria i l\u2019automoci\u00f3","publisher":{"@id":"https:\/\/frensmanresa.com\/es\/#organization"},"potentialAction":[{"@type":"SearchAction","target":{"@type":"EntryPoint","urlTemplate":"https:\/\/frensmanresa.com\/es\/?s={search_term_string}"},"query-input":{"@type":"PropertyValueSpecification","valueRequired":true,"valueName":"search_term_string"}}],"inLanguage":"es-ES"},{"@type":"Organization","@id":"https:\/\/frensmanresa.com\/es\/#organization","name":"Frens Manresa","url":"https:\/\/frensmanresa.com\/es\/","logo":{"@type":"ImageObject","inLanguage":"es-ES","@id":"https:\/\/frensmanresa.com\/es\/#\/schema\/logo\/image\/","url":"https:\/\/frensmanresa.com\/wp-content\/uploads\/2020\/03\/logo.png","contentUrl":"https:\/\/frensmanresa.com\/wp-content\/uploads\/2020\/03\/logo.png","width":242,"height":165,"caption":"Frens Manresa"},"image":{"@id":"https:\/\/frensmanresa.com\/es\/#\/schema\/logo\/image\/"},"sameAs":["https:\/\/www.instagram.com\/frensmanresa\/"]}]}},"_links":{"self":[{"href":"https:\/\/frensmanresa.com\/es\/wp-json\/wp\/v2\/pages\/463","targetHints":{"allow":["GET"]}}],"collection":[{"href":"https:\/\/frensmanresa.com\/es\/wp-json\/wp\/v2\/pages"}],"about":[{"href":"https:\/\/frensmanresa.com\/es\/wp-json\/wp\/v2\/types\/page"}],"author":[{"embeddable":true,"href":"https:\/\/frensmanresa.com\/es\/wp-json\/wp\/v2\/users\/3"}],"replies":[{"embeddable":true,"href":"https:\/\/frensmanresa.com\/es\/wp-json\/wp\/v2\/comments?post=463"}],"version-history":[{"count":4,"href":"https:\/\/frensmanresa.com\/es\/wp-json\/wp\/v2\/pages\/463\/revisions"}],"predecessor-version":[{"id":778,"href":"https:\/\/frensmanresa.com\/es\/wp-json\/wp\/v2\/pages\/463\/revisions\/778"}],"wp:attachment":[{"href":"https:\/\/frensmanresa.com\/es\/wp-json\/wp\/v2\/media?parent=463"}],"curies":[{"name":"wp","href":"https:\/\/api.w.org\/{rel}","templated":true}]}}