{"id":470,"date":"2020-10-05T20:18:32","date_gmt":"2020-10-05T18:18:32","guid":{"rendered":"https:\/\/frensmanresa.com\/?page_id=470"},"modified":"2020-10-13T08:06:02","modified_gmt":"2020-10-13T06:06:02","slug":"frenos","status":"publish","type":"page","link":"https:\/\/frensmanresa.com\/es\/frenos\/","title":{"rendered":"FRENOS"},"content":{"rendered":"\t\t<div data-elementor-type=\"wp-page\" data-elementor-id=\"470\" class=\"elementor elementor-470\" data-elementor-post-type=\"page\">\n\t\t\t\t\t\t<section class=\"elementor-section elementor-top-section elementor-element elementor-element-04b459f elementor-section-boxed elementor-section-height-default elementor-section-height-default\" data-id=\"04b459f\" data-element_type=\"section\">\n\t\t\t\t\t\t<div class=\"elementor-container elementor-column-gap-default\">\n\t\t\t\t\t<div class=\"elementor-column elementor-col-100 elementor-top-column elementor-element elementor-element-bbaddbc\" data-id=\"bbaddbc\" data-element_type=\"column\">\n\t\t\t<div class=\"elementor-widget-wrap elementor-element-populated\">\n\t\t\t\t\t\t<div class=\"elementor-element elementor-element-1797f55 elementor-invisible elementor-widget elementor-widget-heading\" data-id=\"1797f55\" data-element_type=\"widget\" data-settings=\"{&quot;_animation&quot;:&quot;fadeIn&quot;}\" data-widget_type=\"heading.default\">\n\t\t\t\t<div class=\"elementor-widget-container\">\n\t\t\t<h2 class=\"elementor-heading-title elementor-size-default\">AUTOMOCI\u00d3N<\/h2>\t\t<\/div>\n\t\t\t\t<\/div>\n\t\t\t\t\t<\/div>\n\t\t<\/div>\n\t\t\t\t\t<\/div>\n\t\t<\/section>\n\t\t\t\t<section class=\"elementor-section elementor-top-section elementor-element elementor-element-1a041db elementor-section-boxed elementor-section-height-default elementor-section-height-default\" data-id=\"1a041db\" data-element_type=\"section\">\n\t\t\t\t\t\t<div class=\"elementor-container elementor-column-gap-default\">\n\t\t\t\t\t<div class=\"elementor-column elementor-col-100 elementor-top-column elementor-element elementor-element-e82b3ff\" data-id=\"e82b3ff\" data-element_type=\"column\">\n\t\t\t<div class=\"elementor-widget-wrap elementor-element-populated\">\n\t\t\t\t\t\t<div class=\"elementor-element elementor-element-c5e5f06 elementor-invisible elementor-widget elementor-widget-heading\" data-id=\"c5e5f06\" data-element_type=\"widget\" data-settings=\"{&quot;_animation&quot;:&quot;fadeIn&quot;}\" data-widget_type=\"heading.default\">\n\t\t\t\t<div class=\"elementor-widget-container\">\n\t\t\t<h4 class=\"elementor-heading-title elementor-size-default\">FRENOS<\/h4>\t\t<\/div>\n\t\t\t\t<\/div>\n\t\t\t\t\t<\/div>\n\t\t<\/div>\n\t\t\t\t\t<\/div>\n\t\t<\/section>\n\t\t\t\t<section class=\"elementor-section elementor-top-section elementor-element elementor-element-0a5fa9d elementor-section-boxed elementor-section-height-default elementor-section-height-default\" data-id=\"0a5fa9d\" data-element_type=\"section\">\n\t\t\t\t\t\t<div class=\"elementor-container elementor-column-gap-default\">\n\t\t\t\t\t<div class=\"elementor-column elementor-col-100 elementor-top-column elementor-element elementor-element-7a18649\" data-id=\"7a18649\" data-element_type=\"column\">\n\t\t\t<div class=\"elementor-widget-wrap elementor-element-populated\">\n\t\t\t\t\t\t<div class=\"elementor-element elementor-element-dd347b5 elementor-invisible elementor-widget elementor-widget-heading\" data-id=\"dd347b5\" data-element_type=\"widget\" data-settings=\"{&quot;_animation&quot;:&quot;fadeIn&quot;}\" data-widget_type=\"heading.default\">\n\t\t\t\t<div class=\"elementor-widget-container\">\n\t\t\t<h4 class=\"elementor-heading-title elementor-size-default\">Reforramos pastillas con un material de fricci\u00f3n org\u00e1nico.<\/h4>\t\t<\/div>\n\t\t\t\t<\/div>\n\t\t\t\t\t<\/div>\n\t\t<\/div>\n\t\t\t\t\t<\/div>\n\t\t<\/section>\n\t\t\t\t<section class=\"elementor-section elementor-top-section elementor-element elementor-element-ee7f5e6 elementor-section-boxed elementor-section-height-default elementor-section-height-default\" data-id=\"ee7f5e6\" data-element_type=\"section\">\n\t\t\t\t\t\t<div class=\"elementor-container elementor-column-gap-default\">\n\t\t\t\t\t<div class=\"elementor-column elementor-col-100 elementor-top-column elementor-element elementor-element-e021582\" data-id=\"e021582\" data-element_type=\"column\">\n\t\t\t<div class=\"elementor-widget-wrap elementor-element-populated\">\n\t\t\t\t\t\t<div class=\"elementor-element elementor-element-fd5317e gallery-spacing-custom elementor-invisible elementor-widget elementor-widget-image-gallery\" data-id=\"fd5317e\" data-element_type=\"widget\" data-settings=\"{&quot;_animation&quot;:&quot;fadeIn&quot;}\" data-widget_type=\"image-gallery.default\">\n\t\t\t\t<div class=\"elementor-widget-container\">\n\t\t\t\t\t<div class=\"elementor-image-gallery\">\n\t\t\t<div class=\"mgl-root\" data-gallery-options=\"{&quot;image_ids&quot;:[&quot;791&quot;,&quot;792&quot;,&quot;793&quot;,&quot;794&quot;],&quot;id&quot;:&quot;69dfd05325f11&quot;,&quot;size&quot;:&quot;medium&quot;,&quot;infinite&quot;:false,&quot;custom_class&quot;:null,&quot;link&quot;:&quot;none&quot;,&quot;is_preview&quot;:false,&quot;updir&quot;:&quot;https:\\\/\\\/frensmanresa.com\\\/wp-content\\\/uploads\\\/&quot;,&quot;captions&quot;:&quot;none&quot;,&quot;animation&quot;:false,&quot;layout&quot;:&quot;masonry&quot;,&quot;justified_row_height&quot;:200,&quot;justified_gutter&quot;:5,&quot;masonry_gutter&quot;:5,&quot;masonry_columns&quot;:&quot;4&quot;,&quot;square_gutter&quot;:&quot;5&quot;,&quot;square_columns&quot;:&quot;3&quot;,&quot;cascade_gutter&quot;:5,&quot;class_id&quot;:&quot;mgl-gallery-69dfd05325f11&quot;,&quot;layouts&quot;:[],&quot;tiles_gutter&quot;:5,&quot;tiles_gutter_tablet&quot;:5,&quot;tiles_gutter_mobile&quot;:5,&quot;tiles_density&quot;:&quot;high&quot;,&quot;tiles_density_tablet&quot;:&quot;medium&quot;,&quot;tiles_density_mobile&quot;:&quot;low&quot;,&quot;horizontal_gutter&quot;:5,&quot;horizontal_image_height&quot;:500,&quot;horizontal_hide_scrollbar&quot;:false,&quot;carousel_gutter&quot;:5,&quot;carousel_arrow_nav_enabled&quot;:true,&quot;carousel_dot_nav_enabled&quot;:true,&quot;carousel_image_height&quot;:500,&quot;map_gutter&quot;:10,&quot;map_height&quot;:400}\" data-gallery-images=\"[{&quot;caption&quot;:&quot;&quot;,&quot;meta&quot;:{&quot;width&quot;:1024,&quot;height&quot;:768,&quot;file&quot;:&quot;2020\\\/10\\\/01_frens_es-1.jpg&quot;,&quot;sizes&quot;:{&quot;medium&quot;:{&quot;file&quot;:&quot;01_frens_es-1-300x225.jpg&quot;,&quot;width&quot;:300,&quot;height&quot;:225,&quot;mime-type&quot;:&quot;image\\\/jpeg&quot;,&quot;filesize&quot;:6525},&quot;thumbnail&quot;:{&quot;file&quot;:&quot;01_frens_es-1-150x150.jpg&quot;,&quot;width&quot;:150,&quot;height&quot;:150,&quot;mime-type&quot;:&quot;image\\\/jpeg&quot;,&quot;filesize&quot;:3737},&quot;medium_large&quot;:{&quot;file&quot;:&quot;01_frens_es-1-768x576.jpg&quot;,&quot;width&quot;:768,&quot;height&quot;:576,&quot;mime-type&quot;:&quot;image\\\/jpeg&quot;,&quot;filesize&quot;:25392}},&quot;image_meta&quot;:{&quot;aperture&quot;:&quot;0&quot;,&quot;credit&quot;:&quot;&quot;,&quot;camera&quot;:&quot;&quot;,&quot;caption&quot;:&quot;&quot;,&quot;created_timestamp&quot;:&quot;0&quot;,&quot;copyright&quot;:&quot;&quot;,&quot;focal_length&quot;:&quot;0&quot;,&quot;iso&quot;:&quot;0&quot;,&quot;shutter_speed&quot;:&quot;0&quot;,&quot;title&quot;:&quot;&quot;,&quot;orientation&quot;:&quot;1&quot;,&quot;keywords&quot;:[],&quot;lens&quot;:&quot;&quot;},&quot;filesize&quot;:162738},&quot;id&quot;:&quot;791&quot;,&quot;img_html&quot;:&quot;&lt;img width=\\&quot;300\\&quot; height=\\&quot;225\\&quot; src=\\&quot;https:\\\/\\\/frensmanresa.com\\\/wp-content\\\/uploads\\\/2020\\\/10\\\/01_frens_es-1-300x225.jpg\\&quot; class=\\&quot;wp-image-791 wp-image-791\\&quot; alt=\\&quot;\\&quot; draggable=\\&quot;\\&quot; srcset=\\&quot;https:\\\/\\\/frensmanresa.com\\\/wp-content\\\/uploads\\\/2020\\\/10\\\/01_frens_es-1-300x225.jpg 300w, https:\\\/\\\/frensmanresa.com\\\/wp-content\\\/uploads\\\/2020\\\/10\\\/01_frens_es-1-768x576.jpg 768w, https:\\\/\\\/frensmanresa.com\\\/wp-content\\\/uploads\\\/2020\\\/10\\\/01_frens_es-1.jpg 1024w\\&quot; sizes=\\&quot;50vw\\&quot; \\\/&gt;&quot;,&quot;link_href&quot;:null,&quot;link_target&quot;:&quot;_self&quot;,&quot;link_rel&quot;:null,&quot;attributes&quot;:[]},{&quot;caption&quot;:&quot;&quot;,&quot;meta&quot;:{&quot;width&quot;:1024,&quot;height&quot;:768,&quot;file&quot;:&quot;2020\\\/10\\\/02_frens_es-1.jpg&quot;,&quot;sizes&quot;:{&quot;medium&quot;:{&quot;file&quot;:&quot;02_frens_es-1-300x225.jpg&quot;,&quot;width&quot;:300,&quot;height&quot;:225,&quot;mime-type&quot;:&quot;image\\\/jpeg&quot;,&quot;filesize&quot;:7138},&quot;thumbnail&quot;:{&quot;file&quot;:&quot;02_frens_es-1-150x150.jpg&quot;,&quot;width&quot;:150,&quot;height&quot;:150,&quot;mime-type&quot;:&quot;image\\\/jpeg&quot;,&quot;filesize&quot;:3483},&quot;medium_large&quot;:{&quot;file&quot;:&quot;02_frens_es-1-768x576.jpg&quot;,&quot;width&quot;:768,&quot;height&quot;:576,&quot;mime-type&quot;:&quot;image\\\/jpeg&quot;,&quot;filesize&quot;:26132}},&quot;image_meta&quot;:{&quot;aperture&quot;:&quot;0&quot;,&quot;credit&quot;:&quot;&quot;,&quot;camera&quot;:&quot;&quot;,&quot;caption&quot;:&quot;&quot;,&quot;created_timestamp&quot;:&quot;0&quot;,&quot;copyright&quot;:&quot;&quot;,&quot;focal_length&quot;:&quot;0&quot;,&quot;iso&quot;:&quot;0&quot;,&quot;shutter_speed&quot;:&quot;0&quot;,&quot;title&quot;:&quot;&quot;,&quot;orientation&quot;:&quot;1&quot;,&quot;keywords&quot;:[],&quot;lens&quot;:&quot;&quot;},&quot;filesize&quot;:147539},&quot;id&quot;:&quot;792&quot;,&quot;img_html&quot;:&quot;&lt;img width=\\&quot;300\\&quot; height=\\&quot;225\\&quot; src=\\&quot;https:\\\/\\\/frensmanresa.com\\\/wp-content\\\/uploads\\\/2020\\\/10\\\/02_frens_es-1-300x225.jpg\\&quot; class=\\&quot;wp-image-792 wp-image-792\\&quot; alt=\\&quot;\\&quot; draggable=\\&quot;\\&quot; srcset=\\&quot;https:\\\/\\\/frensmanresa.com\\\/wp-content\\\/uploads\\\/2020\\\/10\\\/02_frens_es-1-300x225.jpg 300w, https:\\\/\\\/frensmanresa.com\\\/wp-content\\\/uploads\\\/2020\\\/10\\\/02_frens_es-1-768x576.jpg 768w, https:\\\/\\\/frensmanresa.com\\\/wp-content\\\/uploads\\\/2020\\\/10\\\/02_frens_es-1.jpg 1024w\\&quot; sizes=\\&quot;50vw\\&quot; \\\/&gt;&quot;,&quot;link_href&quot;:null,&quot;link_target&quot;:&quot;_self&quot;,&quot;link_rel&quot;:null,&quot;attributes&quot;:[]},{&quot;caption&quot;:&quot;&quot;,&quot;meta&quot;:{&quot;width&quot;:1024,&quot;height&quot;:768,&quot;file&quot;:&quot;2020\\\/10\\\/03_frens_es-1.jpg&quot;,&quot;sizes&quot;:{&quot;medium&quot;:{&quot;file&quot;:&quot;03_frens_es-1-300x225.jpg&quot;,&quot;width&quot;:300,&quot;height&quot;:225,&quot;mime-type&quot;:&quot;image\\\/jpeg&quot;,&quot;filesize&quot;:5418},&quot;thumbnail&quot;:{&quot;file&quot;:&quot;03_frens_es-1-150x150.jpg&quot;,&quot;width&quot;:150,&quot;height&quot;:150,&quot;mime-type&quot;:&quot;image\\\/jpeg&quot;,&quot;filesize&quot;:2570},&quot;medium_large&quot;:{&quot;file&quot;:&quot;03_frens_es-1-768x576.jpg&quot;,&quot;width&quot;:768,&quot;height&quot;:576,&quot;mime-type&quot;:&quot;image\\\/jpeg&quot;,&quot;filesize&quot;:18104}},&quot;image_meta&quot;:{&quot;aperture&quot;:&quot;0&quot;,&quot;credit&quot;:&quot;&quot;,&quot;camera&quot;:&quot;&quot;,&quot;caption&quot;:&quot;&quot;,&quot;created_timestamp&quot;:&quot;0&quot;,&quot;copyright&quot;:&quot;&quot;,&quot;focal_length&quot;:&quot;0&quot;,&quot;iso&quot;:&quot;0&quot;,&quot;shutter_speed&quot;:&quot;0&quot;,&quot;title&quot;:&quot;&quot;,&quot;orientation&quot;:&quot;1&quot;,&quot;keywords&quot;:[],&quot;lens&quot;:&quot;&quot;},&quot;filesize&quot;:103341},&quot;id&quot;:&quot;793&quot;,&quot;img_html&quot;:&quot;&lt;img width=\\&quot;300\\&quot; height=\\&quot;225\\&quot; src=\\&quot;https:\\\/\\\/frensmanresa.com\\\/wp-content\\\/uploads\\\/2020\\\/10\\\/03_frens_es-1-300x225.jpg\\&quot; class=\\&quot;wp-image-793 wp-image-793\\&quot; alt=\\&quot;\\&quot; draggable=\\&quot;\\&quot; srcset=\\&quot;https:\\\/\\\/frensmanresa.com\\\/wp-content\\\/uploads\\\/2020\\\/10\\\/03_frens_es-1-300x225.jpg 300w, https:\\\/\\\/frensmanresa.com\\\/wp-content\\\/uploads\\\/2020\\\/10\\\/03_frens_es-1-768x576.jpg 768w, https:\\\/\\\/frensmanresa.com\\\/wp-content\\\/uploads\\\/2020\\\/10\\\/03_frens_es-1.jpg 1024w\\&quot; sizes=\\&quot;50vw\\&quot; \\\/&gt;&quot;,&quot;link_href&quot;:null,&quot;link_target&quot;:&quot;_self&quot;,&quot;link_rel&quot;:null,&quot;attributes&quot;:[]},{&quot;caption&quot;:&quot;&quot;,&quot;meta&quot;:{&quot;width&quot;:1024,&quot;height&quot;:768,&quot;file&quot;:&quot;2020\\\/10\\\/04_frens_es-1.jpg&quot;,&quot;sizes&quot;:{&quot;medium&quot;:{&quot;file&quot;:&quot;04_frens_es-1-300x225.jpg&quot;,&quot;width&quot;:300,&quot;height&quot;:225,&quot;mime-type&quot;:&quot;image\\\/jpeg&quot;,&quot;filesize&quot;:5664},&quot;thumbnail&quot;:{&quot;file&quot;:&quot;04_frens_es-1-150x150.jpg&quot;,&quot;width&quot;:150,&quot;height&quot;:150,&quot;mime-type&quot;:&quot;image\\\/jpeg&quot;,&quot;filesize&quot;:3139},&quot;medium_large&quot;:{&quot;file&quot;:&quot;04_frens_es-1-768x576.jpg&quot;,&quot;width&quot;:768,&quot;height&quot;:576,&quot;mime-type&quot;:&quot;image\\\/jpeg&quot;,&quot;filesize&quot;:22086}},&quot;image_meta&quot;:{&quot;aperture&quot;:&quot;0&quot;,&quot;credit&quot;:&quot;&quot;,&quot;camera&quot;:&quot;&quot;,&quot;caption&quot;:&quot;&quot;,&quot;created_timestamp&quot;:&quot;0&quot;,&quot;copyright&quot;:&quot;&quot;,&quot;focal_length&quot;:&quot;0&quot;,&quot;iso&quot;:&quot;0&quot;,&quot;shutter_speed&quot;:&quot;0&quot;,&quot;title&quot;:&quot;&quot;,&quot;orientation&quot;:&quot;1&quot;,&quot;keywords&quot;:[],&quot;lens&quot;:&quot;&quot;},&quot;filesize&quot;:131000},&quot;id&quot;:&quot;794&quot;,&quot;img_html&quot;:&quot;&lt;img width=\\&quot;300\\&quot; height=\\&quot;225\\&quot; src=\\&quot;https:\\\/\\\/frensmanresa.com\\\/wp-content\\\/uploads\\\/2020\\\/10\\\/04_frens_es-1-300x225.jpg\\&quot; class=\\&quot;wp-image-794 wp-image-794\\&quot; alt=\\&quot;\\&quot; draggable=\\&quot;\\&quot; srcset=\\&quot;https:\\\/\\\/frensmanresa.com\\\/wp-content\\\/uploads\\\/2020\\\/10\\\/04_frens_es-1-300x225.jpg 300w, https:\\\/\\\/frensmanresa.com\\\/wp-content\\\/uploads\\\/2020\\\/10\\\/04_frens_es-1-768x576.jpg 768w, https:\\\/\\\/frensmanresa.com\\\/wp-content\\\/uploads\\\/2020\\\/10\\\/04_frens_es-1.jpg 1024w\\&quot; sizes=\\&quot;50vw\\&quot; \\\/&gt;&quot;,&quot;link_href&quot;:null,&quot;link_target&quot;:&quot;_self&quot;,&quot;link_rel&quot;:null,&quot;attributes&quot;:[]}]\" data-atts=\"{&quot;ids&quot;:&quot;791,792,793,794&quot;,&quot;size&quot;:&quot;medium&quot;,&quot;columns&quot;:&quot;4&quot;,&quot;link&quot;:&quot;none&quot;}\"><div class=\"mgl-gallery-container\"><\/div><div class=\"mgl-gallery-images\"><img fetchpriority=\"high\" decoding=\"async\" width=\"300\" height=\"225\" src=\"https:\/\/frensmanresa.com\/wp-content\/uploads\/2020\/10\/01_frens_es-1-300x225.jpg\" class=\"wp-image-791 wp-image-791\" alt=\"\" draggable=\"\" srcset=\"https:\/\/frensmanresa.com\/wp-content\/uploads\/2020\/10\/01_frens_es-1-300x225.jpg 300w, https:\/\/frensmanresa.com\/wp-content\/uploads\/2020\/10\/01_frens_es-1-768x576.jpg 768w, https:\/\/frensmanresa.com\/wp-content\/uploads\/2020\/10\/01_frens_es-1.jpg 1024w\" sizes=\"50vw\" \/><img decoding=\"async\" width=\"300\" height=\"225\" src=\"https:\/\/frensmanresa.com\/wp-content\/uploads\/2020\/10\/02_frens_es-1-300x225.jpg\" class=\"wp-image-792 wp-image-792\" alt=\"\" draggable=\"\" srcset=\"https:\/\/frensmanresa.com\/wp-content\/uploads\/2020\/10\/02_frens_es-1-300x225.jpg 300w, https:\/\/frensmanresa.com\/wp-content\/uploads\/2020\/10\/02_frens_es-1-768x576.jpg 768w, https:\/\/frensmanresa.com\/wp-content\/uploads\/2020\/10\/02_frens_es-1.jpg 1024w\" sizes=\"50vw\" \/><img decoding=\"async\" width=\"300\" height=\"225\" src=\"https:\/\/frensmanresa.com\/wp-content\/uploads\/2020\/10\/03_frens_es-1-300x225.jpg\" class=\"wp-image-793 wp-image-793\" alt=\"\" draggable=\"\" srcset=\"https:\/\/frensmanresa.com\/wp-content\/uploads\/2020\/10\/03_frens_es-1-300x225.jpg 300w, https:\/\/frensmanresa.com\/wp-content\/uploads\/2020\/10\/03_frens_es-1-768x576.jpg 768w, https:\/\/frensmanresa.com\/wp-content\/uploads\/2020\/10\/03_frens_es-1.jpg 1024w\" sizes=\"50vw\" \/><img loading=\"lazy\" decoding=\"async\" width=\"300\" height=\"225\" src=\"https:\/\/frensmanresa.com\/wp-content\/uploads\/2020\/10\/04_frens_es-1-300x225.jpg\" class=\"wp-image-794 wp-image-794\" alt=\"\" draggable=\"\" srcset=\"https:\/\/frensmanresa.com\/wp-content\/uploads\/2020\/10\/04_frens_es-1-300x225.jpg 300w, https:\/\/frensmanresa.com\/wp-content\/uploads\/2020\/10\/04_frens_es-1-768x576.jpg 768w, https:\/\/frensmanresa.com\/wp-content\/uploads\/2020\/10\/04_frens_es-1.jpg 1024w\" sizes=\"50vw\" \/><\/div><\/div>\t\t<\/div>\n\t\t\t\t<\/div>\n\t\t\t\t<\/div>\n\t\t\t\t\t<\/div>\n\t\t<\/div>\n\t\t\t\t\t<\/div>\n\t\t<\/section>\n\t\t\t\t<\/div>\n\t\t","protected":false},"excerpt":{"rendered":"<p>AUTOMOCI\u00d3N FRENOS Reforramos pastillas con un material de fricci\u00f3n org\u00e1nico.<\/p>\n","protected":false},"author":3,"featured_media":0,"parent":0,"menu_order":0,"comment_status":"closed","ping_status":"closed","template":"","meta":{"footnotes":""},"yoast_head":"<!-- This site is optimized with the Yoast SEO plugin v23.0 - https:\/\/yoast.com\/wordpress\/plugins\/seo\/ -->\n<title>FRENOS - Frens Manresa<\/title>\n<meta name=\"robots\" content=\"index, follow, max-snippet:-1, max-image-preview:large, max-video-preview:-1\" \/>\n<link rel=\"canonical\" href=\"https:\/\/frensmanresa.com\/es\/frenos\/\" \/>\n<meta property=\"og:locale\" content=\"es_ES\" \/>\n<meta property=\"og:locale:alternate\" content=\"en_GB\" \/>\n<meta property=\"og:locale:alternate\" content=\"ca\" \/>\n<meta property=\"og:type\" content=\"article\" \/>\n<meta property=\"og:title\" content=\"FRENOS - Frens Manresa\" \/>\n<meta property=\"og:description\" content=\"AUTOMOCI\u00d3N FRENOS Reforramos pastillas con un material de fricci\u00f3n org\u00e1nico.\" \/>\n<meta property=\"og:url\" content=\"https:\/\/frensmanresa.com\/es\/frenos\/\" \/>\n<meta property=\"og:site_name\" content=\"Frens Manresa\" \/>\n<meta property=\"article:modified_time\" content=\"2020-10-13T06:06:02+00:00\" \/>\n<meta property=\"og:image\" content=\"https:\/\/frensmanresa.com\/wp-content\/uploads\/2020\/10\/01_frens_es-1-300x225.jpg\" \/>\n<meta name=\"twitter:card\" content=\"summary_large_image\" \/>\n<script type=\"application\/ld+json\" class=\"yoast-schema-graph\">{\"@context\":\"https:\/\/schema.org\",\"@graph\":[{\"@type\":\"WebPage\",\"@id\":\"https:\/\/frensmanresa.com\/es\/frenos\/\",\"url\":\"https:\/\/frensmanresa.com\/es\/frenos\/\",\"name\":\"FRENOS - Frens Manresa\",\"isPartOf\":{\"@id\":\"https:\/\/frensmanresa.com\/es\/#website\"},\"primaryImageOfPage\":{\"@id\":\"https:\/\/frensmanresa.com\/es\/frenos\/#primaryimage\"},\"image\":{\"@id\":\"https:\/\/frensmanresa.com\/es\/frenos\/#primaryimage\"},\"thumbnailUrl\":\"https:\/\/frensmanresa.com\/wp-content\/uploads\/2020\/10\/01_frens_es-1-300x225.jpg\",\"datePublished\":\"2020-10-05T18:18:32+00:00\",\"dateModified\":\"2020-10-13T06:06:02+00:00\",\"breadcrumb\":{\"@id\":\"https:\/\/frensmanresa.com\/es\/frenos\/#breadcrumb\"},\"inLanguage\":\"es-ES\",\"potentialAction\":[{\"@type\":\"ReadAction\",\"target\":[\"https:\/\/frensmanresa.com\/es\/frenos\/\"]}]},{\"@type\":\"ImageObject\",\"inLanguage\":\"es-ES\",\"@id\":\"https:\/\/frensmanresa.com\/es\/frenos\/#primaryimage\",\"url\":\"https:\/\/frensmanresa.com\/wp-content\/uploads\/2020\/10\/01_frens_es-1-300x225.jpg\",\"contentUrl\":\"https:\/\/frensmanresa.com\/wp-content\/uploads\/2020\/10\/01_frens_es-1-300x225.jpg\"},{\"@type\":\"BreadcrumbList\",\"@id\":\"https:\/\/frensmanresa.com\/es\/frenos\/#breadcrumb\",\"itemListElement\":[{\"@type\":\"ListItem\",\"position\":1,\"name\":\"Inici\",\"item\":\"https:\/\/frensmanresa.com\/es\/inicio\/\"},{\"@type\":\"ListItem\",\"position\":2,\"name\":\"FRENOS\"}]},{\"@type\":\"WebSite\",\"@id\":\"https:\/\/frensmanresa.com\/es\/#website\",\"url\":\"https:\/\/frensmanresa.com\/es\/\",\"name\":\"Frens Manresa\",\"description\":\"Som especialistes en encolat de frens i embragues  per a la ind\u00fastria i l\u2019automoci\u00f3\",\"publisher\":{\"@id\":\"https:\/\/frensmanresa.com\/es\/#organization\"},\"potentialAction\":[{\"@type\":\"SearchAction\",\"target\":{\"@type\":\"EntryPoint\",\"urlTemplate\":\"https:\/\/frensmanresa.com\/es\/?s={search_term_string}\"},\"query-input\":\"required name=search_term_string\"}],\"inLanguage\":\"es-ES\"},{\"@type\":\"Organization\",\"@id\":\"https:\/\/frensmanresa.com\/es\/#organization\",\"name\":\"Frens Manresa\",\"url\":\"https:\/\/frensmanresa.com\/es\/\",\"logo\":{\"@type\":\"ImageObject\",\"inLanguage\":\"es-ES\",\"@id\":\"https:\/\/frensmanresa.com\/es\/#\/schema\/logo\/image\/\",\"url\":\"https:\/\/frensmanresa.com\/wp-content\/uploads\/2020\/03\/logo.png\",\"contentUrl\":\"https:\/\/frensmanresa.com\/wp-content\/uploads\/2020\/03\/logo.png\",\"width\":242,\"height\":165,\"caption\":\"Frens Manresa\"},\"image\":{\"@id\":\"https:\/\/frensmanresa.com\/es\/#\/schema\/logo\/image\/\"},\"sameAs\":[\"https:\/\/www.instagram.com\/frensmanresa\/\"]}]}<\/script>\n<!-- \/ Yoast SEO plugin. -->","yoast_head_json":{"title":"FRENOS - Frens Manresa","robots":{"index":"index","follow":"follow","max-snippet":"max-snippet:-1","max-image-preview":"max-image-preview:large","max-video-preview":"max-video-preview:-1"},"canonical":"https:\/\/frensmanresa.com\/es\/frenos\/","og_locale":"es_ES","og_type":"article","og_title":"FRENOS - Frens Manresa","og_description":"AUTOMOCI\u00d3N FRENOS Reforramos pastillas con un material de fricci\u00f3n org\u00e1nico.","og_url":"https:\/\/frensmanresa.com\/es\/frenos\/","og_site_name":"Frens Manresa","article_modified_time":"2020-10-13T06:06:02+00:00","og_image":[{"url":"https:\/\/frensmanresa.com\/wp-content\/uploads\/2020\/10\/01_frens_es-1-300x225.jpg"}],"twitter_card":"summary_large_image","schema":{"@context":"https:\/\/schema.org","@graph":[{"@type":"WebPage","@id":"https:\/\/frensmanresa.com\/es\/frenos\/","url":"https:\/\/frensmanresa.com\/es\/frenos\/","name":"FRENOS - Frens Manresa","isPartOf":{"@id":"https:\/\/frensmanresa.com\/es\/#website"},"primaryImageOfPage":{"@id":"https:\/\/frensmanresa.com\/es\/frenos\/#primaryimage"},"image":{"@id":"https:\/\/frensmanresa.com\/es\/frenos\/#primaryimage"},"thumbnailUrl":"https:\/\/frensmanresa.com\/wp-content\/uploads\/2020\/10\/01_frens_es-1-300x225.jpg","datePublished":"2020-10-05T18:18:32+00:00","dateModified":"2020-10-13T06:06:02+00:00","breadcrumb":{"@id":"https:\/\/frensmanresa.com\/es\/frenos\/#breadcrumb"},"inLanguage":"es-ES","potentialAction":[{"@type":"ReadAction","target":["https:\/\/frensmanresa.com\/es\/frenos\/"]}]},{"@type":"ImageObject","inLanguage":"es-ES","@id":"https:\/\/frensmanresa.com\/es\/frenos\/#primaryimage","url":"https:\/\/frensmanresa.com\/wp-content\/uploads\/2020\/10\/01_frens_es-1-300x225.jpg","contentUrl":"https:\/\/frensmanresa.com\/wp-content\/uploads\/2020\/10\/01_frens_es-1-300x225.jpg"},{"@type":"BreadcrumbList","@id":"https:\/\/frensmanresa.com\/es\/frenos\/#breadcrumb","itemListElement":[{"@type":"ListItem","position":1,"name":"Inici","item":"https:\/\/frensmanresa.com\/es\/inicio\/"},{"@type":"ListItem","position":2,"name":"FRENOS"}]},{"@type":"WebSite","@id":"https:\/\/frensmanresa.com\/es\/#website","url":"https:\/\/frensmanresa.com\/es\/","name":"Frens Manresa","description":"Som especialistes en encolat de frens i embragues  per a la ind\u00fastria i l\u2019automoci\u00f3","publisher":{"@id":"https:\/\/frensmanresa.com\/es\/#organization"},"potentialAction":[{"@type":"SearchAction","target":{"@type":"EntryPoint","urlTemplate":"https:\/\/frensmanresa.com\/es\/?s={search_term_string}"},"query-input":"required name=search_term_string"}],"inLanguage":"es-ES"},{"@type":"Organization","@id":"https:\/\/frensmanresa.com\/es\/#organization","name":"Frens Manresa","url":"https:\/\/frensmanresa.com\/es\/","logo":{"@type":"ImageObject","inLanguage":"es-ES","@id":"https:\/\/frensmanresa.com\/es\/#\/schema\/logo\/image\/","url":"https:\/\/frensmanresa.com\/wp-content\/uploads\/2020\/03\/logo.png","contentUrl":"https:\/\/frensmanresa.com\/wp-content\/uploads\/2020\/03\/logo.png","width":242,"height":165,"caption":"Frens Manresa"},"image":{"@id":"https:\/\/frensmanresa.com\/es\/#\/schema\/logo\/image\/"},"sameAs":["https:\/\/www.instagram.com\/frensmanresa\/"]}]}},"_links":{"self":[{"href":"https:\/\/frensmanresa.com\/es\/wp-json\/wp\/v2\/pages\/470"}],"collection":[{"href":"https:\/\/frensmanresa.com\/es\/wp-json\/wp\/v2\/pages"}],"about":[{"href":"https:\/\/frensmanresa.com\/es\/wp-json\/wp\/v2\/types\/page"}],"author":[{"embeddable":true,"href":"https:\/\/frensmanresa.com\/es\/wp-json\/wp\/v2\/users\/3"}],"replies":[{"embeddable":true,"href":"https:\/\/frensmanresa.com\/es\/wp-json\/wp\/v2\/comments?post=470"}],"version-history":[{"count":3,"href":"https:\/\/frensmanresa.com\/es\/wp-json\/wp\/v2\/pages\/470\/revisions"}],"predecessor-version":[{"id":796,"href":"https:\/\/frensmanresa.com\/es\/wp-json\/wp\/v2\/pages\/470\/revisions\/796"}],"wp:attachment":[{"href":"https:\/\/frensmanresa.com\/es\/wp-json\/wp\/v2\/media?parent=470"}],"curies":[{"name":"wp","href":"https:\/\/api.w.org\/{rel}","templated":true}]}}